{"id":534157,"date":"2023-05-09T10:18:23","date_gmt":"2023-05-09T15:18:23","guid":{"rendered":"https:\/\/www.cipte.co\/tic\/?page_id=534157"},"modified":"2023-09-15T15:39:08","modified_gmt":"2023-09-15T20:39:08","slug":"jurados","status":"publish","type":"page","link":"https:\/\/www.cipte.co\/tic\/innova-tic\/jurados\/","title":{"rendered":""},"content":{"rendered":"\t\t<div data-elementor-type=\"wp-page\" data-elementor-id=\"534157\" class=\"elementor elementor-534157\" data-elementor-post-type=\"page\">\n\t\t\t\t\t\t\t\t\t<section class=\"elementor-section elementor-top-section elementor-element elementor-element-2091ba2 elementor-section-content-middle elementor-section-full_width elementor-section-height-default elementor-section-height-default\" data-id=\"2091ba2\" data-element_type=\"section\" data-settings=\"{&quot;background_background&quot;:&quot;classic&quot;,&quot;jet_sticky_section_sticky&quot;:&quot;yes&quot;,&quot;jet_sticky_section_sticky_visibility&quot;:[&quot;desktop&quot;,&quot;tablet&quot;],&quot;_ha_eqh_enable&quot;:false}\">\n\t\t\t\t\t\t<div class=\"elementor-container elementor-column-gap-default\">\n\t\t\t\t\t<div class=\"elementor-column elementor-col-100 elementor-top-column elementor-element elementor-element-ee054f4\" data-id=\"ee054f4\" data-element_type=\"column\">\n\t\t\t<div class=\"elementor-widget-wrap elementor-element-populated\">\n\t\t\t\t\t\t\t\t<div class=\"elementor-element elementor-element-65bbc7d elementor-widget elementor-widget-html\" data-id=\"65bbc7d\" data-element_type=\"widget\" data-widget_type=\"html.default\">\n\t\t\t\t<div class=\"elementor-widget-container\">\n\t\t\t<hr>\t\t<\/div>\n\t\t\t\t<\/div>\n\t\t\t\t\t<\/div>\n\t\t<\/div>\n\t\t\t\t\t\t\t<\/div>\n\t\t<\/section>\n\t\t\t\t<section class=\"elementor-section elementor-top-section elementor-element elementor-element-10d94ab elementor-section-boxed elementor-section-height-default elementor-section-height-default\" data-id=\"10d94ab\" data-element_type=\"section\" data-settings=\"{&quot;_ha_eqh_enable&quot;:false}\">\n\t\t\t\t\t\t\t<div class=\"elementor-background-overlay\"><\/div>\n\t\t\t\t\t\t\t<div class=\"elementor-container elementor-column-gap-default\">\n\t\t\t\t\t<div class=\"elementor-column elementor-col-33 elementor-top-column elementor-element elementor-element-1bf1b36\" data-id=\"1bf1b36\" data-element_type=\"column\">\n\t\t\t<div class=\"elementor-widget-wrap elementor-element-populated\">\n\t\t\t\t\t\t\t\t<div class=\"elementor-element elementor-element-56af6e8 eael-team-align-eael-team-align-default elementor-widget elementor-widget-eael-team-member\" data-id=\"56af6e8\" data-element_type=\"widget\" data-widget_type=\"eael-team-member.default\">\n\t\t\t\t<div class=\"elementor-widget-container\">\n\t\t\t\n\n\t<div id=\"eael-team-member-56af6e8\" class=\"eael-team-item eael-team-members-simple \">\n\t\t<div class=\"eael-team-item-inner\">\n\t\t\t<div class=\"eael-team-image\">\n\t\t\t\t<figure>\n\t\t\t\t\t<img decoding=\"async\" src=\"https:\/\/www.cipte.co\/tic\/wp-content\/uploads\/2023\/05\/Nelson_lopez.png\" alt=\"\">\n\t\t\t\t<\/figure>\n\t\t\t\t\n\t\t\t\t\n\t\t\t<\/div>\n\n\t\t\t<div class=\"eael-team-content\">\n\t\t\t\t<h3 class=\"eael-team-member-name\"><h1 style=\"color:white;text-align:center\">NELSON L\u00d3PEZ<h1><\/h3>\n\t\t\t\t<h4 class=\"eael-team-member-position\"><\/h4>\n\n\t\t\t\t\t\t\t\t\t\t\t\t\t\t<p class=\"eael-team-text\"><p style=\"text-align:justify;color:white\">M\u00e1ster en gamificaci\u00f3n y narrativas transmedia, especialista en proyectos de desarrollo, administrador p\u00fablico. Especialista en el dise\u00f1o de proyectos y experiencias educativas transmedia desde metodolog\u00edas disruptivas como: gamificaci\u00f3n, design thinking, experiencia de usuario, pedagog\u00eda de la sensibilidad y tecnolog\u00edas emergentes como realidad aumentada y realidad virtual. Ganador de premios como: Crea Digital 2019 en la categor\u00eda de contenidos transmedia con el proyecto Guardianes; y beca del programa distrital de est\u00edmulos para la cultura IDARTES con el Laboratorio Creativo Digital, Extr4\u00f1o LCD. Su trayectoria de m\u00e1s de 8 a\u00f1os en la conceptualizaci\u00f3n, dise\u00f1o y ejecuci\u00f3n de proyectos educativos en el sector educativo le ha permitido co-crear el programa de Educaci\u00f3n Transmedia de Critertec Educaci\u00f3n.<\/p><\/p>\n\t\t\t\t\t\t\t<\/div>\n\t\t<\/div>\n\t<\/div>\n\t\t\t<\/div>\n\t\t\t\t<\/div>\n\t\t\t\t\t<\/div>\n\t\t<\/div>\n\t\t\t\t<div class=\"elementor-column elementor-col-33 elementor-top-column elementor-element elementor-element-7034074\" data-id=\"7034074\" data-element_type=\"column\">\n\t\t\t<div class=\"elementor-widget-wrap elementor-element-populated\">\n\t\t\t\t\t\t\t\t<div class=\"elementor-element elementor-element-36fb2f2 eael-team-align-eael-team-align-default elementor-widget elementor-widget-eael-team-member\" data-id=\"36fb2f2\" data-element_type=\"widget\" data-widget_type=\"eael-team-member.default\">\n\t\t\t\t<div class=\"elementor-widget-container\">\n\t\t\t\n\n\t<div id=\"eael-team-member-36fb2f2\" class=\"eael-team-item eael-team-members-simple \">\n\t\t<div class=\"eael-team-item-inner\">\n\t\t\t<div class=\"eael-team-image\">\n\t\t\t\t<figure>\n\t\t\t\t\t<img decoding=\"async\" src=\"https:\/\/www.cipte.co\/tic\/wp-content\/uploads\/2023\/05\/Jorge_luis.png\" alt=\"\">\n\t\t\t\t<\/figure>\n\t\t\t\t\n\t\t\t\t\n\t\t\t<\/div>\n\n\t\t\t<div class=\"eael-team-content\">\n\t\t\t\t<h3 class=\"eael-team-member-name\"><h1 style=\"color:white;text-align:center\">JORGE LUIS BACCA<\/h1><\/h3>\n\t\t\t\t<h4 class=\"eael-team-member-position\"><\/h4>\n\n\t\t\t\t\t\t\t\t\t\t\t\t\t\t<p class=\"eael-team-text\"><p style=\"text-align:justify;color:white\">Doctor en Tecnolog\u00eda por la Universidad de Girona (Espa\u00f1a), M\u00e1ster en Inform\u00e1tica Industrial, Autom\u00e1tica, Computaci\u00f3n y Sistemas por la Universidad de Girona (Espa\u00f1a) y diplomado en Ingenier\u00eda Telem\u00e1tica por la Universidad Distrital Francisco Jos\u00e9 de Caldas. Sus intereses de investigaci\u00f3n incluyen: Realidad Aumentada, Realidad Virtual, aprendizaje potenciado por la tecnolog\u00eda, Motivaci\u00f3n para el aprendizaje, personalizaci\u00f3n, agentes inteligentes, web sem\u00e1ntica y razonamiento basado en casos. Tiene experiencia en desarrollo de software bajo Java, C++, C#, Unity y experiencia en el dise\u00f1o e implementaci\u00f3n de sistemas de bases de datos en MySQL, PostgreSQL, MongoDB. Con experiencia en el desarrollo de sitios web conforme a las Pautas de Accesibilidad al Contenido en la Web 2.0. Con experiencia como investigador en proyectos financiados con fondos europeos y nacionales y con un \u00edndice h de 7 (Google Scholar) y experiencia como miembro del comit\u00e9 de programa de algunos congresos nacionales e internacionales y como revisor de revistas internacionales como Computers &amp; Education, Computers in Human Behaviour, Online Information Review y Computer Applications in Engineering Education entre otras. Es profesor asociado de la Fundaci\u00f3n Universitaria Konrad Lorenz y lidera el Cap\u00edtulo Colombia de la Immersive Learning Research Network.<\/p><\/p>\n\t\t\t\t\t\t\t<\/div>\n\t\t<\/div>\n\t<\/div>\n\t\t\t<\/div>\n\t\t\t\t<\/div>\n\t\t\t\t\t<\/div>\n\t\t<\/div>\n\t\t\t\t<div class=\"elementor-column elementor-col-33 elementor-top-column elementor-element elementor-element-0387df8\" data-id=\"0387df8\" data-element_type=\"column\">\n\t\t\t<div class=\"elementor-widget-wrap elementor-element-populated\">\n\t\t\t\t\t\t\t\t<div class=\"elementor-element elementor-element-f1eeedc eael-team-align-eael-team-align-default elementor-widget elementor-widget-eael-team-member\" data-id=\"f1eeedc\" data-element_type=\"widget\" data-widget_type=\"eael-team-member.default\">\n\t\t\t\t<div class=\"elementor-widget-container\">\n\t\t\t\n\n\t<div id=\"eael-team-member-f1eeedc\" class=\"eael-team-item eael-team-members-simple \">\n\t\t<div class=\"eael-team-item-inner\">\n\t\t\t<div class=\"eael-team-image\">\n\t\t\t\t<figure>\n\t\t\t\t\t<img decoding=\"async\" src=\"https:\/\/www.cipte.co\/tic\/wp-content\/uploads\/2023\/05\/carolina_mejia.png\" alt=\"\">\n\t\t\t\t<\/figure>\n\t\t\t\t\n\t\t\t\t\n\t\t\t<\/div>\n\n\t\t\t<div class=\"eael-team-content\">\n\t\t\t\t<h3 class=\"eael-team-member-name\"><h1 style=\"color:white;text-align:center\">CAROLINA MEJ\u00cdA<\/h1><\/h3>\n\t\t\t\t<h4 class=\"eael-team-member-position\"><\/h4>\n\n\t\t\t\t\t\t\t\t\t\t\t\t\t\t<p class=\"eael-team-text\"><p style=\"text-align:justify;color:white\">Soy Doctora Cum Laude en Tecnolog\u00eda con \u00e9nfasis en Educaci\u00f3n Inclusiva, Mag\u00edster en Inform\u00e1tica Industrial y Autom\u00e1tica de la Universidad de Girona en Espa\u00f1a, Especialista en Telecomunicaciones e Ingeniera de Sistemas de la Universidad Industrial de Santander en Colombia. En la Universidad Ean he sido Coordinadora del Programa de Maestr\u00eda en Gerencia de Sistemas de Informaci\u00f3n y Proyectos Tecnol\u00f3gicos, Directora del Departamento de Sistemas, Directora del Grupo de Investigaci\u00f3n en Ambientes de Aprendizaje,y actualmente es Profesor Titular, Gerente de Investigaciones y la Editora de la Revista Virtu@lmente. Investigador S\u00e9nior reconocida por el Ministerio de Ciencia, Tecnolog\u00eda e Innovaci\u00f3n. Tiene amplia trayectoria haciendo investigaci\u00f3n activa y desarrollo en el aprendizaje mejorado por tecnolog\u00edas (TeL) y \u00e1reas relacionadas, incluyendo: modelado de usuario, aprendizaje adaptativo, e-learning for all, inclusi\u00f3n y accesibilidad. Con m\u00e1s de 50 publicaciones, incluyendo art\u00edculos, libros, cap\u00edtulos de libros, prototipos y software. Ha participado en proyectos de investigaci\u00f3n y transferencia de tecnol\u00f3gica a nivel de Europa y de Latinoam\u00e9rica. Experiencia como gestor de proyectos para el desarrollo tecnol\u00f3gico y la gesti\u00f3n del conocimiento. Experiencia en el dise\u00f1o, desarrollo e implantaci\u00f3n de sistemas de informaci\u00f3n, servicios y apps para dispositivos m\u00f3viles. Docente universitaria de pregrado y postgrado a nivel nacional e internacional tanto en entornos presenciales como virtuales. Ha sido tutor y supervisor de trabajos de grado de estudiantes de pregrado, maestr\u00eda y doctorado.<\/p><\/p>\n\t\t\t\t\t\t\t<\/div>\n\t\t<\/div>\n\t<\/div>\n\t\t\t<\/div>\n\t\t\t\t<\/div>\n\t\t\t\t\t<\/div>\n\t\t<\/div>\n\t\t\t\t\t\t\t<\/div>\n\t\t<\/section>\n\t\t\t\t<section class=\"elementor-section elementor-top-section elementor-element elementor-element-6229400 elementor-section-boxed elementor-section-height-default elementor-section-height-default\" data-id=\"6229400\" data-element_type=\"section\" data-settings=\"{&quot;background_background&quot;:&quot;classic&quot;,&quot;_ha_eqh_enable&quot;:false}\">\n\t\t\t\t\t\t<div class=\"elementor-container elementor-column-gap-default\">\n\t\t\t\t\t<div class=\"elementor-column elementor-col-50 elementor-top-column elementor-element elementor-element-3e0d254\" data-id=\"3e0d254\" data-element_type=\"column\">\n\t\t\t<div class=\"elementor-widget-wrap elementor-element-populated\">\n\t\t\t\t\t\t\t\t<div class=\"elementor-element elementor-element-2ad4f6e elementor-widget elementor-widget-image\" data-id=\"2ad4f6e\" data-element_type=\"widget\" data-widget_type=\"image.default\">\n\t\t\t\t<div class=\"elementor-widget-container\">\n\t\t\t\t\t\t\t\t\t\t\t\t\t\t\t<img decoding=\"async\" loading=\"lazy\" width=\"113\" height=\"117\" src=\"https:\/\/www.cipte.co\/tic\/wp-content\/uploads\/2022\/12\/icono_menu.png\" class=\"attachment-column1-1\/4 size-column1-1\/4 wp-image-7297\" alt=\"\" \/>\t\t\t\t\t\t\t\t\t\t\t\t\t\t\t<\/div>\n\t\t\t\t<\/div>\n\t\t\t\t\t<\/div>\n\t\t<\/div>\n\t\t\t\t<div class=\"elementor-column elementor-col-50 elementor-top-column elementor-element elementor-element-a4689d6\" data-id=\"a4689d6\" data-element_type=\"column\">\n\t\t\t<div class=\"elementor-widget-wrap elementor-element-populated\">\n\t\t\t\t\t\t\t\t<div class=\"elementor-element elementor-element-df55b8a elementor-widget elementor-widget-text-editor\" data-id=\"df55b8a\" data-element_type=\"widget\" data-widget_type=\"text-editor.default\">\n\t\t\t\t<div class=\"elementor-widget-container\">\n\t\t\t\t\t\t\t<p><span style=\"font-size: 14pt;\">\u00a0<\/span><\/p><p><span style=\"font-size: 14pt;\">M\u00e1s informaci\u00f3n<\/span><\/p><p><span style=\"font-size: 14pt;\">Direcci\u00f3n de Educaci\u00f3n E-Learning<\/span><\/p><p><span style=\"font-size: 14pt;\">PBX: 348 8000. Extensiones 1289, 1247 o 1280.<\/span><\/p><p><span style=\"font-size: 14pt;\">Correo electr\u00f3nico: elearning@lasalle.edu.co<\/span><\/p>\t\t\t\t\t\t<\/div>\n\t\t\t\t<\/div>\n\t\t\t\t\t<\/div>\n\t\t<\/div>\n\t\t\t\t\t\t\t<\/div>\n\t\t<\/section>\n\t\t\t\t\t\t\t<\/div>\n\t\t","protected":false},"excerpt":{"rendered":"<p>NELSON L\u00d3PEZ M\u00e1ster en gamificaci\u00f3n y narrativas transmedia, especialista en proyectos de desarrollo, administrador p\u00fablico. Especialista en el dise\u00f1o de [&hellip;]<\/p>\n","protected":false},"author":1,"featured_media":0,"parent":534657,"menu_order":0,"comment_status":"closed","ping_status":"closed","template":"","meta":{"footnotes":"","_glsr_average":0,"_glsr_ranking":0,"_glsr_reviews":0},"_links":{"self":[{"href":"https:\/\/www.cipte.co\/tic\/wp-json\/wp\/v2\/pages\/534157"}],"collection":[{"href":"https:\/\/www.cipte.co\/tic\/wp-json\/wp\/v2\/pages"}],"about":[{"href":"https:\/\/www.cipte.co\/tic\/wp-json\/wp\/v2\/types\/page"}],"author":[{"embeddable":true,"href":"https:\/\/www.cipte.co\/tic\/wp-json\/wp\/v2\/users\/1"}],"replies":[{"embeddable":true,"href":"https:\/\/www.cipte.co\/tic\/wp-json\/wp\/v2\/comments?post=534157"}],"version-history":[{"count":46,"href":"https:\/\/www.cipte.co\/tic\/wp-json\/wp\/v2\/pages\/534157\/revisions"}],"predecessor-version":[{"id":534210,"href":"https:\/\/www.cipte.co\/tic\/wp-json\/wp\/v2\/pages\/534157\/revisions\/534210"}],"up":[{"embeddable":true,"href":"https:\/\/www.cipte.co\/tic\/wp-json\/wp\/v2\/pages\/534657"}],"wp:attachment":[{"href":"https:\/\/www.cipte.co\/tic\/wp-json\/wp\/v2\/media?parent=534157"}],"curies":[{"name":"wp","href":"https:\/\/api.w.org\/{rel}","templated":true}]}}