{"id":5918,"date":"2021-10-08T13:29:13","date_gmt":"2021-10-08T18:29:13","guid":{"rendered":"http:\/\/www.cipte.co\/tic\/?page_id=5918"},"modified":"2023-07-07T08:35:11","modified_gmt":"2023-07-07T13:35:11","slug":"microcursos","status":"publish","type":"page","link":"https:\/\/www.cipte.co\/tic\/microcursos\/","title":{"rendered":"Microcursos"},"content":{"rendered":"\t\t<div data-elementor-type=\"wp-page\" data-elementor-id=\"5918\" class=\"elementor elementor-5918\" data-elementor-post-type=\"page\">\n\t\t\t\t\t\t\t\t\t<section class=\"elementor-section elementor-top-section elementor-element elementor-element-9a5231c elementor-section-boxed elementor-section-height-default elementor-section-height-default\" data-id=\"9a5231c\" data-element_type=\"section\" data-settings=\"{&quot;_ha_eqh_enable&quot;:false}\">\n\t\t\t\t\t\t<div class=\"elementor-container elementor-column-gap-default\">\n\t\t\t\t\t<div class=\"elementor-column elementor-col-100 elementor-top-column elementor-element elementor-element-895410a\" data-id=\"895410a\" data-element_type=\"column\">\n\t\t\t<div class=\"elementor-widget-wrap elementor-element-populated\">\n\t\t\t\t\t\t\t\t<div class=\"elementor-element elementor-element-7d173ed elementor-widget elementor-widget-image\" data-id=\"7d173ed\" data-element_type=\"widget\" data-widget_type=\"image.default\">\n\t\t\t\t<div class=\"elementor-widget-container\">\n\t\t\t\t\t\t\t\t\t\t\t\t\t\t\t<img decoding=\"async\" loading=\"lazy\" width=\"1024\" height=\"654\" src=\"https:\/\/www.cipte.co\/tic\/wp-content\/uploads\/2021\/10\/bann2Mesa-de-trabajo-2@2x-1024x654.png\" class=\"attachment-large size-large wp-image-6043\" alt=\"\" srcset=\"https:\/\/www.cipte.co\/tic\/wp-content\/uploads\/2021\/10\/bann2Mesa-de-trabajo-2@2x-1024x654.png 1024w, https:\/\/www.cipte.co\/tic\/wp-content\/uploads\/2021\/10\/bann2Mesa-de-trabajo-2@2x-300x192.png 300w, https:\/\/www.cipte.co\/tic\/wp-content\/uploads\/2021\/10\/bann2Mesa-de-trabajo-2@2x-768x491.png 768w, https:\/\/www.cipte.co\/tic\/wp-content\/uploads\/2021\/10\/bann2Mesa-de-trabajo-2@2x-1536x981.png 1536w, https:\/\/www.cipte.co\/tic\/wp-content\/uploads\/2021\/10\/bann2Mesa-de-trabajo-2@2x-2048x1308.png 2048w\" sizes=\"(max-width: 1024px) 100vw, 1024px\" \/>\t\t\t\t\t\t\t\t\t\t\t\t\t\t\t<\/div>\n\t\t\t\t<\/div>\n\t\t\t\t\t<\/div>\n\t\t<\/div>\n\t\t\t\t\t\t\t<\/div>\n\t\t<\/section>\n\t\t\t\t<section class=\"elementor-section elementor-top-section elementor-element elementor-element-457acec elementor-section-boxed elementor-section-height-default elementor-section-height-default\" data-id=\"457acec\" data-element_type=\"section\" data-settings=\"{&quot;_ha_eqh_enable&quot;:false}\">\n\t\t\t\t\t\t<div class=\"elementor-container elementor-column-gap-default\">\n\t\t\t\t\t<div class=\"elementor-column elementor-col-100 elementor-top-column elementor-element elementor-element-cefbc0c\" data-id=\"cefbc0c\" data-element_type=\"column\">\n\t\t\t<div class=\"elementor-widget-wrap elementor-element-populated\">\n\t\t\t\t\t\t\t\t<div class=\"elementor-element elementor-element-be5b0a6 elementor-widget elementor-widget-html\" data-id=\"be5b0a6\" data-element_type=\"widget\" data-widget_type=\"html.default\">\n\t\t\t\t<div class=\"elementor-widget-container\">\n\t\t\t<div style=\"background: url(https:\/\/www.cipte.co\/tic\/wp-content\/uploads\/2021\/10\/textura.png);padding: 20px 0\">\r\n<div class=\"\" style=\"max-width:900px; margin:0 auto; font-weight: 500;font-size:14px\">\r\n\r\nApreciados profesores Lasallistas:<br><br>\r\n\r\nTeniendo en cuenta la importancia de consolidar procesos de cualificaci\u00f3n en los recursos que se comparten en el Portal de Herramientas TIC, hemos dispuesto para ustedes unos procesos de formaci\u00f3n por medio de microcursos, los cuales les permitir\u00e1n acceder a certificaciones y reconocimientos a trav\u00e9s de insignias.\r\n<br><br>\r\nPor lo anterior, lo invitamos a ingresar a cada uno de los microcursos creados, generando su proceso de automatr\u00edcula con la siguiente clave: <b style=\"color:#551ec8;font-weight:bold;font-size:18px;\">microcursos2023<\/b>; una vez matriculado, podr\u00e1 acceder a los siguientes recursos:\r\n<br><br>\r\n- Recurso interactivo de herramientas digitales.\r\n- Encuesta de la herramienta seleccionada.\r\n<br><br>\r\nUna vez sea completada la visualizaci\u00f3n y diligenciada la encuesta, obtendr\u00e1 la insignia correspondiente.\r\n<br><br>\r\n\u00a1\u00a1\u00a1\u00c9xitos en este nuevo proceso formativo!!!\r\n\r\n<\/div>\r\n<\/div>\t\t<\/div>\n\t\t\t\t<\/div>\n\t\t\t\t\t<\/div>\n\t\t<\/div>\n\t\t\t\t\t\t\t<\/div>\n\t\t<\/section>\n\t\t\t\t<section class=\"elementor-section elementor-top-section elementor-element elementor-element-2df7c63 elementor-section-boxed elementor-section-height-default elementor-section-height-default\" data-id=\"2df7c63\" data-element_type=\"section\" data-settings=\"{&quot;_ha_eqh_enable&quot;:false}\">\n\t\t\t\t\t\t<div class=\"elementor-container elementor-column-gap-default\">\n\t\t\t\t\t<div class=\"elementor-column elementor-col-100 elementor-top-column elementor-element elementor-element-3ceb79d\" data-id=\"3ceb79d\" data-element_type=\"column\">\n\t\t\t<div class=\"elementor-widget-wrap elementor-element-populated\">\n\t\t\t\t\t\t\t\t<div class=\"elementor-element elementor-element-1727920 elementor-widget elementor-widget-html\" data-id=\"1727920\" data-element_type=\"widget\" data-widget_type=\"html.default\">\n\t\t\t\t<div class=\"elementor-widget-container\">\n\t\t\t<div class=\"row\" style=\"margin: 20px 20px 40px 20px\">\r\n    <a href=\"#Afilter\" style=\"font-size:20px\" class=\"col- btn btn-primary m-2 disabled\">\r\n        A\r\n    <\/a>\r\n    <a href=\"#Bfilter\" style=\"font-size:20px\" class=\"col btn btn-primary m-2 disabled\">\r\n        B\r\n    <\/a>\r\n    <a href=\"#Cfilter\" style=\"font-size:20px\" class=\"col btn btn-primary m-2 disabled\">\r\n        C\r\n    <\/a>\r\n    <a href=\"#Dfilter\" style=\"font-size:20px\" class=\"col btn btn-primary m-2 disabled\">\r\n        D\r\n    <\/a>\r\n    <a href=\"#Efilter\" style=\"font-size:20px\" class=\"col btn btn-primary m-2 disabled\">\r\n        E\r\n    <\/a>\r\n    <a href=\"#Ffilter\" style=\"font-size:20px\" class=\"col btn btn-primary m-2\">\r\n        F\r\n    <\/a>\r\n    <a href=\"#Gfilter\" style=\"font-size:20px\" class=\"col btn btn-primary m-2\">\r\n        G\r\n    <\/a>\r\n    <a href=\"#Hfilter\" style=\"font-size:20px\" class=\"col btn btn-primary m-2\">\r\n        H\r\n    <\/a>\r\n    <a href=\"#Ifilter\" style=\"font-size:20px\" class=\"col btn btn-primary m-2 disabled\">\r\n        I\r\n    <\/a>\r\n    <a href=\"#Jfilter\" style=\"font-size:20px\" class=\"col btn btn-primary m-2 disabled\">\r\n        J\r\n    <\/a>\r\n    <a href=\"#Kfilter\" style=\"font-size:20px\" class=\"col btn btn-primary m-2 disabled\">\r\n        K\r\n    <\/a>\r\n    <a href=\"#Lfilter\" style=\"font-size:20px\" class=\"col btn btn-primary m-2 disabled\">\r\n        L\r\n    <\/a>\r\n    <a href=\"#Mfilter\" style=\"font-size:20px\" class=\"col btn btn-primary m-2\">\r\n        M\r\n    <\/a>\r\n    <a href=\"#Nfilter\" style=\"font-size:20px\" class=\"col btn btn-primary m-2\">\r\n        N\r\n    <\/a>\r\n    <a href=\"#Ofilter\" style=\"font-size:20px\" class=\"col btn btn-primary m-2 disabled\">\r\n        O\r\n    <\/a>\r\n    <a href=\"#Pfilter\" style=\"font-size:20px\" class=\"col btn btn-primary m-2 disabled\">\r\n        P\r\n    <\/a>\r\n    <a href=\"#Qfilter\" style=\"font-size:20px\" class=\"col btn btn-primary m-2 disabled\">\r\n        Q\r\n    <\/a>\r\n    <a href=\"#Rfilter\" style=\"font-size:20px\" class=\"col btn btn-primary m-2 disabled\">\r\n        R\r\n    <\/a>\r\n    <a href=\"#Sfilter\" style=\"font-size:20px\" class=\"col btn btn-primary m-2\">\r\n        S\r\n    <\/a>\r\n    <a href=\"#Tfilter\" style=\"font-size:20px\" class=\"col btn btn-primary m-2 disabled\">\r\n        T\r\n    <\/a>\r\n    <a href=\"#Ufilter\" style=\"font-size:20px\" class=\"col btn btn-primary m-2 disabled\">\r\n        U\r\n    <\/a>\r\n    <a href=\"#Vfilter\" style=\"font-size:20px\" class=\"col btn btn-primary m-2 disabled\">\r\n        V\r\n    <\/a>\r\n    <a href=\"#Wfilter\" style=\"font-size:20px\" class=\"col btn btn-primary m-2 disabled\">\r\n        W\r\n    <\/a>\r\n    <a href=\"#Xfilter\" style=\"font-size:20px\" class=\"col btn btn-primary m-2 disabled\">\r\n        X\r\n    <\/a>\r\n    <a href=\"#Yfilter\" style=\"font-size:20px\" class=\"col btn btn-primary m-2 disabled\">\r\n        Y\r\n    <\/a>\r\n    <a href=\"#Zfilter\" style=\"font-size:20px\" class=\"col btn btn-primary m-2 disabled\">\r\n        Z\r\n    <\/a>\r\n<\/div>\r\n\r\n<div class=\"filterABC\">\r\n    <div id=\"Ffilter\" class=\"letraFil\">F<\/div>\r\n<\/div>\r\n<div class=\"row\" style=\"text-align:center\">\r\n    \r\n    <div class=\"col-4\" style=\"padding-bottom:10px\">\r\n        <div class=\"card\" style=\"\r\n        background-image: url(&quot;https:\/\/www.cipte.co\/tic\/wp-content\/uploads\/2021\/09\/fondo_foto1.png&quot;);\r\n        width: 240px;\r\n        border-radius: 50px;margin:0 auto 20px auto\r\n    \">\r\n            <img decoding=\"async\" class=\"card-img-top\" src=\"https:\/\/www.cipte.co\/tic\/wp-content\/uploads\/2021\/10\/freemind.png\"\r\n                alt=\"Card image\" style=\"width: 100%;border-radius: 25px;padding: 0px 10px 5px 10px;margin-top:10px\">\r\n            <div class=\"card-body\" style=\"background: linear-gradient( \r\n180deg, rgb(255 255 255 \/ 0%) -70%, rgb(232 232 232) 100%);\r\n    border-bottom-left-radius: 45px;\r\n    border-bottom-right-radius: 45px;\r\n    border-bottom: 1px solid #cbcbcb;\">\r\n               <a href=\"https:\/\/unisallevirtual.lasalle.edu.co\/course\/view.php?id=28907\" class=\"btn btn-lg btn-block\" style=\"margin: 10px 0;color:white;background:#551ec8;\" target=\"_blank\">Ir al microcurso <\/a>\r\n                <p class=\"card-text\" style=\"text-align: center;\">Es una herramienta para la elaboraci\u00f3n y manipulaci\u00f3n de mapas conceptuales. Es decir, una herramienta para organizar y estructurar las ideas, los conceptos, su relaci\u00f3n entre ellos y su evoluci\u00f3n. <\/p>\r\n                <a href=\"https:\/\/www.cipte.co\/tic\/otw-portfolio\/nearpod\/\" class=\"btn btn-lg btn-block disabled\" style=\"margin: 10px 0;color:white;background:#551ec8;\" target=\"_blank\">Ir a la ficha<\/a>\r\n            <\/div>\r\n        <\/div>\r\n    <\/div>\r\n       <\/div> \r\n<div class=\"filterABC\">\r\n<div id=\"Gfilter\" class=\"letraFil\">G<\/div>\r\n<\/div>\r\n<div class=\"row\" style=\"text-align:center\"> \r\n       \r\n           <div class=\"col-4\" style=\"padding-bottom:10px\">\r\n        <div class=\"card\" style=\"\r\n        background-image: url(&quot;https:\/\/www.cipte.co\/tic\/wp-content\/uploads\/2021\/09\/fondo_foto1.png&quot;);\r\n        width: 240px;\r\n        border-radius: 50px;margin:0 auto 20px auto\r\n    \">\r\n            <img decoding=\"async\" class=\"card-img-top\" src=\"https:\/\/www.cipte.co\/tic\/wp-content\/uploads\/2021\/06\/genially.png\"\r\n                alt=\"Card image\" style=\"width: 100%;border-radius: 25px;padding: 0px 10px 5px 10px;\">\r\n            <div class=\"card-body\" style=\"background: linear-gradient( \r\n180deg, rgb(255 255 255 \/ 0%) -70%, rgb(232 232 232) 100%);\r\n    border-bottom-left-radius: 45px;\r\n    border-bottom-right-radius: 45px;\r\n    border-bottom: 1px solid #cbcbcb;\">\r\n               <a href=\"https:\/\/unisallevirtual.lasalle.edu.co\/course\/view.php?id=28908#section-0\" class=\"btn btn-lg btn-block\" style=\"margin: 10px 0;color:white;background:#551ec8;\" target=\"_blank\">Ir al microcurso <\/a>\r\n                <p class=\"card-text\" style=\"text-align: center;\">Es una aplicaci\u00f3n en l\u00ednea de animaci\u00f3n que permite a los usuarios ver y crear presentaciones animadas con objetos, texto, imagen, v\u00eddeo y sonido predeterminados o subidos por el usuario a partir de plantillas.<\/p>\r\n                <a href=\"https:\/\/www.cipte.co\/tic\/otw-portfolio\/geneally\/\" class=\"btn btn-lg btn-block\" style=\"margin: 10px 0;color:white;background:#551ec8;\" target=\"_blank\">Ir a la ficha<\/a>\r\n            <\/div>\r\n        <\/div>\r\n    <\/div>\r\n       \r\n<\/div>    \r\n<div class=\"filterABC\">\r\n    <div id=\"Hfilter\" class=\"letraFil\">H<\/div>\r\n<\/div>\r\n<div class=\"row\" style=\"text-align:center\">       \r\n<div class=\"col-4\" style=\"padding-bottom:10px\">\r\n        <div class=\"card\" style=\"\r\n        background-image: url(&quot;https:\/\/www.cipte.co\/tic\/wp-content\/uploads\/2021\/09\/fondo_foto1.png&quot;);\r\n        width: 240px;\r\n        border-radius: 50px;margin:0 auto 20px auto\r\n    \">\r\n            <img decoding=\"async\" class=\"card-img-top\" src=\"https:\/\/www.cipte.co\/tic\/wp-content\/uploads\/2021\/10\/h5p.png\"\r\n                alt=\"Card image\" style=\"width: 100%;border-radius: 25px;padding: 0px 10px 5px 10px;margin-top:10px\">\r\n            <div class=\"card-body\" style=\"background: linear-gradient( \r\n180deg, rgb(255 255 255 \/ 0%) -70%, rgb(232 232 232) 100%);\r\n    border-bottom-left-radius: 45px;\r\n    border-bottom-right-radius: 45px;\r\n    border-bottom: 1px solid #cbcbcb;\">\r\n               <a href=\"https:\/\/unisallevirtual.lasalle.edu.co\/course\/view.php?id=28907\" class=\"btn btn-lg btn-block\" style=\"margin: 10px 0;color:white;background:#551ec8;\" target=\"_blank\">Ir al microcurso <\/a>\r\n                <p class=\"card-text\" style=\"text-align: center;\">H5P es una abreviatura para Paquete HTML5. Le permite a los educadores crear contenido, como por ejemplo presentaciones, ex\u00e1menes y videos interactivos.<br>. <\/p>\r\n                <a href=\"https:\/\/www.cipte.co\/tic\/otw-portfolio\/nearpod\/\" class=\"btn btn-lg btn-block disabled\" style=\"margin: 10px 0;color:white;background:#551ec8;\" target=\"_blank\">Ir a la ficha<\/a>\r\n            <\/div>\r\n        <\/div>\r\n    <\/div>\r\n <\/div>\r\n \r\n <div class=\"filterABC\">\r\n    <div id=\"Mfilter\" class=\"letraFil\">M<\/div>\r\n<\/div>\r\n<div class=\"row\" style=\"text-align:center\">\r\n    \r\n        <div class=\"col-4\" style=\"padding-bottom:10px\">\r\n        <div class=\"card\" style=\"\r\n        background-image: url(&quot;https:\/\/www.cipte.co\/tic\/wp-content\/uploads\/2021\/09\/fondo_foto1.png&quot;);\r\n        width: 240px;\r\n        border-radius: 50px;margin:0 auto 20px auto\r\n    \">\r\n            <img decoding=\"async\" class=\"card-img-top\" src=\"https:\/\/www.cipte.co\/tic\/wp-content\/uploads\/2021\/10\/teams.png\"\r\n                alt=\"Card image\" style=\"width: 100%;border-radius: 25px;padding: 0px 10px 5px 10px;margin-top:10px\">\r\n            <div class=\"card-body\" style=\"background: linear-gradient( \r\n180deg, rgb(255 255 255 \/ 0%) -70%, rgb(232 232 232) 100%);\r\n    border-bottom-left-radius: 45px;\r\n    border-bottom-right-radius: 45px;\r\n    border-bottom: 1px solid #cbcbcb;\">\r\n               <a href=\"https:\/\/unisallevirtual.lasalle.edu.co\/course\/view.php?id=28907\" class=\"btn btn-lg btn-block\" style=\"margin: 10px 0;color:white;background:#551ec8;\" target=\"_blank\">Ir al microcurso <\/a>\r\n                <p class=\"card-text\" style=\"text-align: center;\">Es una plataforma unificada de comunicaci\u00f3n y colaboraci\u00f3n que combina chat persistente en el lugar de trabajo, reuniones de video, almacenamiento de archivos e integraci\u00f3n de aplicaciones. <\/p>\r\n                <a href=\"https:\/\/www.cipte.co\/tic\/otw-portfolio\/nearpod\/\" class=\"btn btn-lg btn-block disabled\" style=\"margin: 10px 0;color:white;background:#551ec8;\" target=\"_blank\">Ir a la ficha<\/a>\r\n            <\/div>\r\n        <\/div>\r\n    <\/div>\r\n    \r\n     <div class=\"col-4\" style=\"padding-bottom:10px\">\r\n        <div class=\"card\" style=\"\r\n        background-image: url(&quot;https:\/\/www.cipte.co\/tic\/wp-content\/uploads\/2021\/09\/fondo_foto1.png&quot;);\r\n        width: 240px;\r\n        border-radius: 50px;margin:0 auto 20px auto\r\n    \">\r\n            <img decoding=\"async\" class=\"card-img-top\" src=\"https:\/\/www.cipte.co\/tic\/wp-content\/uploads\/2021\/10\/MindNode.png\"\r\n                alt=\"Card image\" style=\"width: 100%;border-radius: 25px;padding: 0px 10px 5px 10px;margin-top:10px\">\r\n            <div class=\"card-body\" style=\"background: linear-gradient( \r\n180deg, rgb(255 255 255 \/ 0%) -70%, rgb(232 232 232) 100%);\r\n    border-bottom-left-radius: 45px;\r\n    border-bottom-right-radius: 45px;\r\n    border-bottom: 1px solid #cbcbcb;\">\r\n               <a href=\"https:\/\/unisallevirtual.lasalle.edu.co\/course\/view.php?id=28907\" class=\"btn btn-lg btn-block\" style=\"margin: 10px 0;color:white;background:#551ec8;\" target=\"_blank\">Ir al microcurso <\/a>\r\n                <p class=\"card-text\" style=\"text-align: center;\">MindNode es una aplicaci\u00f3n que nos permite crear mapas mentales. A partir de un nodo principal podremos ir creando subnodos y a su vez agruparlos. <br>. <\/p>\r\n                <a href=\"https:\/\/www.cipte.co\/tic\/otw-portfolio\/nearpod\/\" class=\"btn btn-lg btn-block disabled\" style=\"margin: 10px 0;color:white;background:#551ec8;\" target=\"_blank\">Ir a la ficha<\/a>\r\n            <\/div>\r\n        <\/div>\r\n    <\/div>\r\n    <\/div>    \r\n    \r\n <div class=\"filterABC\">\r\n    <div id=\"Nfilter\" class=\"letraFil\">N<\/div>\r\n<\/div>\r\n<div class=\"row\" style=\"text-align:center\">    \r\n    \r\n    \r\n    <div class=\"col-4\" style=\"padding-bottom:10px\">\r\n        <div class=\"card\" style=\"\r\n        background-image: url(&quot;https:\/\/www.cipte.co\/tic\/wp-content\/uploads\/2021\/09\/fondo_foto1.png&quot;);\r\n        width: 240px;\r\n        border-radius: 50px;margin:0 auto 20px auto\r\n    \">\r\n            <img decoding=\"async\" class=\"card-img-top\" src=\"https:\/\/www.cipte.co\/tic\/wp-content\/uploads\/2021\/06\/nearpod.png\"\r\n                alt=\"Card image\" style=\"width: 100%;border-radius: 25px;padding: 0px 10px 5px 10px;\">\r\n            <div class=\"card-body\" style=\"background: linear-gradient( \r\n180deg, rgb(255 255 255 \/ 0%) -70%, rgb(232 232 232) 100%);\r\n    border-bottom-left-radius: 45px;\r\n    border-bottom-right-radius: 45px;\r\n    border-bottom: 1px solid #cbcbcb;\">\r\n               <a href=\"https:\/\/unisallevirtual.lasalle.edu.co\/course\/view.php?id=28908#section-0\" class=\"btn btn-lg btn-block\" style=\"margin: 10px 0;color:white;background:#551ec8;\" target=\"_blank\">Ir al microcurso <\/a>\r\n                <p class=\"card-text\" style=\"text-align: center;\">Es una herramienta web\/app que permite crear presentaciones interactivas que son controladas por el docente, lleva la asistencia de los alumnos conectados y permite compartir en tiempo real.  <\/p>\r\n                <a href=\"https:\/\/www.cipte.co\/tic\/otw-portfolio\/nearpod\/\" class=\"btn btn-lg btn-block\" style=\"margin: 10px 0;color:white;background:#551ec8;\" target=\"_blank\">Ir a la ficha<\/a>\r\n            <\/div>\r\n        <\/div>\r\n    <\/div>\r\n\r\n<\/div>\r\n\r\n <div class=\"filterABC\">\r\n    <div id=\"Sfilter\" class=\"letraFil\">S<\/div>\r\n<\/div>\r\n<div class=\"row\" style=\"text-align:center\">  \r\n\r\n     <div class=\"col-4\" style=\"padding-bottom:10px\">\r\n        <div class=\"card\" style=\"\r\n        background-image: url(&quot;https:\/\/www.cipte.co\/tic\/wp-content\/uploads\/2021\/09\/fondo_foto1.png&quot;);\r\n        width: 240px;\r\n        border-radius: 50px;margin:0 auto 20px auto\r\n    \">\r\n            <img decoding=\"async\" class=\"card-img-top\" src=\"https:\/\/www.cipte.co\/tic\/wp-content\/uploads\/2021\/10\/socrative.png\"\r\n                alt=\"Card image\" style=\"width: 100%;border-radius: 25px;padding: 0px 10px 5px 10px;\">\r\n            <div class=\"card-body\" style=\"background: linear-gradient( \r\n180deg, rgb(255 255 255 \/ 0%) -70%, rgb(232 232 232) 100%);\r\n    border-bottom-left-radius: 45px;\r\n    border-bottom-right-radius: 45px;\r\n    border-bottom: 1px solid #cbcbcb;\">\r\n               <a href=\"https:\/\/unisallevirtual.lasalle.edu.co\/course\/view.php?id=28907\" class=\"btn btn-lg btn-block\" style=\"margin: 10px 0;color:white;background:#551ec8;\" target=\"_blank\">Ir al microcurso <\/a>\r\n                <p class=\"card-text\" style=\"text-align: center;\">Es una herramienta de evaluaci\u00f3n educativa en entornos digitales, permite a los profesores o tutores conocer las respuestas de sus alumnos en tiempo real, a trav\u00e9s de dispositivos m\u00f3viles y ordenadores. <\/p>\r\n                <a href=\"https:\/\/www.cipte.co\/tic\/otw-portfolio\/nearpod\/\" class=\"btn btn-lg btn-block disabled\" style=\"margin: 10px 0;color:white;background:#551ec8;\" target=\"_blank\">Ir a la ficha<\/a>\r\n            <\/div>\r\n        <\/div>\r\n    <\/div>\r\n    \r\n        <div class=\"col-4\" style=\"padding-bottom:10px\">\r\n        <div class=\"card\" style=\"\r\n        background-image: url(&quot;https:\/\/www.cipte.co\/tic\/wp-content\/uploads\/2021\/09\/fondo_foto1.png&quot;);\r\n        width: 240px;\r\n        border-radius: 50px;margin:0 auto 20px auto\r\n    \">\r\n            <img decoding=\"async\" class=\"card-img-top\" src=\"https:\/\/www.cipte.co\/tic\/wp-content\/uploads\/2021\/10\/symbaloo.png\"\r\n                alt=\"Card image\" style=\"width: 100%;border-radius: 25px;padding: 0px 10px 5px 10px;\">\r\n            <div class=\"card-body\" style=\"background: linear-gradient( \r\n180deg, rgb(255 255 255 \/ 0%) -70%, rgb(232 232 232) 100%);\r\n    border-bottom-left-radius: 45px;\r\n    border-bottom-right-radius: 45px;\r\n    border-bottom: 1px solid #cbcbcb;\">\r\n               <a href=\"https:\/\/unisallevirtual.lasalle.edu.co\/course\/view.php?id=28907\" class=\"btn btn-lg btn-block\" style=\"margin: 10px 0;color:white;background:#551ec8;\" target=\"_blank\">Ir al microcurso <\/a>\r\n                <p class=\"card-text\" style=\"text-align: center;\">Es una aplicaci\u00f3n o plataforma gratuita basada en la nube que permite a los usuarios organizar y categorizar enlaces web en forma de botones de opci\u00f3n. <br>.<\/p>\r\n                <a href=\"https:\/\/www.cipte.co\/tic\/otw-portfolio\/nearpod\/\" class=\"btn btn-lg btn-block disabled\" style=\"margin: 10px 0;color:white;background:#551ec8;\" target=\"_blank\">Ir a la ficha<\/a>\r\n            <\/div>\r\n        <\/div>\r\n    <\/div>\r\n\r\n<\/div>\t\t<\/div>\n\t\t\t\t<\/div>\n\t\t\t\t\t<\/div>\n\t\t<\/div>\n\t\t\t\t\t\t\t<\/div>\n\t\t<\/section>\n\t\t\t\t\t\t\t<\/div>\n\t\t","protected":false},"excerpt":{"rendered":"<p>Apreciados profesores Lasallistas: Teniendo en cuenta la importancia de consolidar procesos de cualificaci\u00f3n en los recursos que se comparten en [&hellip;]<\/p>\n","protected":false},"author":1,"featured_media":0,"parent":0,"menu_order":0,"comment_status":"closed","ping_status":"closed","template":"","meta":{"footnotes":"","_glsr_average":0,"_glsr_ranking":0,"_glsr_reviews":0},"_links":{"self":[{"href":"https:\/\/www.cipte.co\/tic\/wp-json\/wp\/v2\/pages\/5918"}],"collection":[{"href":"https:\/\/www.cipte.co\/tic\/wp-json\/wp\/v2\/pages"}],"about":[{"href":"https:\/\/www.cipte.co\/tic\/wp-json\/wp\/v2\/types\/page"}],"author":[{"embeddable":true,"href":"https:\/\/www.cipte.co\/tic\/wp-json\/wp\/v2\/users\/1"}],"replies":[{"embeddable":true,"href":"https:\/\/www.cipte.co\/tic\/wp-json\/wp\/v2\/comments?post=5918"}],"version-history":[{"count":160,"href":"https:\/\/www.cipte.co\/tic\/wp-json\/wp\/v2\/pages\/5918\/revisions"}],"predecessor-version":[{"id":527567,"href":"https:\/\/www.cipte.co\/tic\/wp-json\/wp\/v2\/pages\/5918\/revisions\/527567"}],"wp:attachment":[{"href":"https:\/\/www.cipte.co\/tic\/wp-json\/wp\/v2\/media?parent=5918"}],"curies":[{"name":"wp","href":"https:\/\/api.w.org\/{rel}","templated":true}]}}